{"id":1963,"date":"2022-03-15T16:55:25","date_gmt":"2022-03-15T15:55:25","guid":{"rendered":"http:\/\/vinustrale.com\/?page_id=1963"},"modified":"2022-08-04T14:06:41","modified_gmt":"2022-08-04T12:06:41","slug":"politique-de-confidentialite-2","status":"publish","type":"page","link":"https:\/\/vinustrale.com\/index.php\/politique-de-confidentialite-2\/","title":{"rendered":"politique de confidentialite"},"content":{"rendered":"\t\t<div data-elementor-type=\"wp-page\" data-elementor-id=\"1963\" class=\"elementor elementor-1963\">\n\t\t\t\t\t\t<section class=\"elementor-section elementor-top-section elementor-element elementor-element-bcea55f elementor-section-boxed elementor-section-height-default elementor-section-height-default\" data-id=\"bcea55f\" data-element_type=\"section\" data-settings=\"{&quot;background_background&quot;:&quot;classic&quot;}\">\n\t\t\t\t\t\t\t<div class=\"elementor-background-overlay\"><\/div>\n\t\t\t\t\t\t\t<div class=\"elementor-container elementor-column-gap-default\">\n\t\t\t\t\t<div class=\"elementor-column elementor-col-100 elementor-top-column elementor-element elementor-element-b3c1aea\" data-id=\"b3c1aea\" data-element_type=\"column\">\n\t\t\t<div class=\"elementor-widget-wrap elementor-element-populated\">\n\t\t\t\t\t\t<div class=\"elementor-element elementor-element-daf9e5a elementor-widget elementor-widget-heading\" data-id=\"daf9e5a\" data-element_type=\"widget\" data-widget_type=\"heading.default\">\n\t\t\t\t<div class=\"elementor-widget-container\">\n\t\t\t\t\t<h1 class=\"elementor-heading-title elementor-size-default\">politique de confidentialit\u00e9<\/h1>\t\t\t\t<\/div>\n\t\t\t\t<\/div>\n\t\t\t\t\t<\/div>\n\t\t<\/div>\n\t\t\t\t\t<\/div>\n\t\t<\/section>\n\t\t\t\t<section class=\"elementor-section elementor-top-section elementor-element elementor-element-29b02a85 elementor-section-content-top elementor-section-boxed elementor-section-height-default elementor-section-height-default\" data-id=\"29b02a85\" data-element_type=\"section\">\n\t\t\t\t\t\t<div class=\"elementor-container elementor-column-gap-no\">\n\t\t\t\t\t<div class=\"elementor-column elementor-col-100 elementor-top-column elementor-element elementor-element-30c96c92\" data-id=\"30c96c92\" data-element_type=\"column\">\n\t\t\t<div class=\"elementor-widget-wrap elementor-element-populated\">\n\t\t\t\t\t\t<div class=\"elementor-element elementor-element-3f5d064 elementor-widget elementor-widget-text-editor\" data-id=\"3f5d064\" data-element_type=\"widget\" data-widget_type=\"text-editor.default\">\n\t\t\t\t<div class=\"elementor-widget-container\">\n\t\t\t\t\t\t\t\t\t<ol><li><strong> Qui est responsable du traitement de vos donn\u00e9es personnelles ?<\/strong><\/li><\/ol><p>La pr\u00e9sente Politique de Confidentialit\u00e9 pr\u00e9sente les engagements de la SARL VINUSTRALE concernant la protection de vos donn\u00e9es personnelles en votre qualit\u00e9 de client ou d\u2019internaute. Elle pr\u00e9sente les modalit\u00e9s de recueil et d\u2019utilisation des donn\u00e9es personnelles vous concernant, et vos droits \u00e0 cet \u00e9gard.<\/p><p>VINUSTRALE respecte la loi \u00ab Informatique et Libert\u00e9s \u00bb n\u00b0 78 du 6 janvier 1978 modifi\u00e9e, la loi pour la \u00ab Confiance et l\u2019Economie Num\u00e9rique \u00bb n\u00b0 2004 \u2013 575 du 21 juin 2004 ainsi que le R\u00e8glement 2016\/679 du 27 avril 2016.\u00a0<\/p><ol start=\"2\"><li><strong> Quelles donn\u00e9es personnelles sont collect\u00e9es sur nos sites et pourquoi ?<\/strong><\/li><\/ol><p>En tant que Responsable de traitement au sens de la loi dite \u00ab Informatique et libert\u00e9s \u00bb et du R\u00e8glement 2016\/679 du 27 avril 2016, VINUSTRALE est responsable des donn\u00e9es personnelles qu\u2019elle collecte.<\/p><p>Les donn\u00e9es sont collect\u00e9es afin de permettre \u00e0 nos services d\u2019administrer et d\u2019am\u00e9liorer nos activit\u00e9s marketing et services \u00e0 destination de nos clients.<\/p><p>Lors de la collecte de vos donn\u00e9es personnelles, vous \u00eates averti du caract\u00e8re obligatoire des informations demand\u00e9es, afin de pouvoir b\u00e9n\u00e9ficier d\u2019un service, ou de leur caract\u00e8re facultatif, ainsi que des cons\u00e9quences de la non-communication d\u2019une donn\u00e9e.<\/p><p>VINUSTRALE collecte les donn\u00e9es n\u00e9cessaires \u00e0 l\u2019utilisation du service. Les donn\u00e9es collect\u00e9es \u00e0 cette occasion peuvent \u00eatre : votre nom et votre adresse mail.<\/p><ol start=\"3\"><li><strong> Comment sont utilis\u00e9es vos donn\u00e9es personnelles ?<\/strong><\/li><\/ol><p>Les donn\u00e9es d\u00e9claratives sont n\u00e9cessaires \u00e0 la gestion de vos demandes via le formulaire de contact du site.<\/p><ol start=\"4\"><li><strong> Quels sont les destinataires de vos donn\u00e9es personnelles ?<\/strong><\/li><\/ol><p>Vos Donn\u00e9es personnelles ne font l\u2019objet d\u2019aucune communication \u00e0 des tiers.<\/p><ol start=\"5\"><li><strong> Quelle est la dur\u00e9e de conservation de vos donn\u00e9es personnelles ?<\/strong><\/li><\/ol><p>La dur\u00e9e de conservation de vos Donn\u00e9es personnelles peut varier en fonction de la finalit\u00e9 de la collecte. Les donn\u00e9es vous concernant ne seront conserv\u00e9es que dans la limite de la r\u00e9alisation de la finalit\u00e9 poursuivie (en l\u2019occurrence pour la dur\u00e9e strictement n\u00e9cessaire \u00e0 la gestion de la relation commerciale \u00e0 savoir sept ans \u00e0 compter de la fin de votre derni\u00e8re commande chez VINUSTRALE, ou si vous n\u2019\u00eates pas client, 3 ans apr\u00e8s le dernier contact de votre part, ou dans le respect de la r\u00e8glementation applicable en la mati\u00e8re.\u00a0<\/p><ol start=\"6\"><li><strong> Quels sont vos droits et comment les exercer ?<\/strong><\/li><\/ol><p>En application des dispositions des articles 39 et 40 de la loi \u00ab\u00a0Informatique &amp; Libert\u00e9s\u00a0\u00bb et au R\u00e8glement europ\u00e9en 2016\/679, vous pouvez demander la communication de vos Donn\u00e9es Personnelles et exiger que soient, selon les cas, rectifi\u00e9es, compl\u00e9t\u00e9es, mises \u00e0 jour, verrouill\u00e9es ou effac\u00e9es vos Donn\u00e9es Personnelles, qui sont inexactes, incompl\u00e8tes, \u00e9quivoques, p\u00e9rim\u00e9es, ou dont la collecte, l\u2019utilisation, la communication ou la conservation est interdite.<\/p><p>Conform\u00e9ment \u00e0 l\u2019article 18 du R\u00e8glement europ\u00e9en 2016\/679, vous pourrez \u00e9galement, le cas \u00e9chant, demander \u00e0 limiter l\u2019acc\u00e8s du traitement (par exemple, lorsque l\u2019exactitude de vos Donn\u00e9es personnelles est contest\u00e9e par vos soins \u2013 et ce, pendant une dur\u00e9e permettant \u00e0 VINUSTRALE de v\u00e9rifier l\u2019exactitude de vos Donn\u00e9es personnelles.<\/p><p>Conform\u00e9ment \u00e0 l\u2019article 20 du R\u00e8glement europ\u00e9en 2016\/679, il vous est \u00e9galement possible de demander de recevoir vos Donn\u00e9es personnelles. Pour en faire la demande, il vous suffit d\u2019envoyer un e-mail \u00e0 l\u2019adresse suivante\u00a0:\u00a0contact@vinustrale.com<\/p><p>Conform\u00e9ment au d\u00e9cret n\u00b02007-451 du 25 mars 2007 pris pour l\u2019application de la loi \u00ab Informatique et Libert\u00e9s\u00bb, vos demandes devront \u00eatre pr\u00e9sent\u00e9es par \u00e9crit et devront \u00eatre sign\u00e9es et accompagn\u00e9es de la photocopie d\u2019un titre d\u2019identit\u00e9 portant votre signature. La demande devra pr\u00e9ciser l\u2019adresse \u00e0 laquelle devra parvenir la r\u00e9ponse. VINUSTRALE disposera d\u2019un d\u00e9lai de 1 mois pour r\u00e9pondre suivant r\u00e9ception de votre demande.<\/p><p>Pour votre parfaite information, vous disposez de la facult\u00e9 de saisir la Commission nationale de l\u2019Informatique et des Libert\u00e9s (dont les coordonn\u00e9es figurent \u00e0 l\u2019adresse https:\/\/www.cnil.fr\/fr\/vous-souhaitez-contacter-la-cnil) dans l\u2019hypoth\u00e8se o\u00f9 VINUSTRALE n\u2019aurait pas fait suite \u00e0 votre demande dans le d\u00e9lai d\u2019un mois suivant votre demande.<\/p>\t\t\t\t\t\t\t\t<\/div>\n\t\t\t\t<\/div>\n\t\t\t\t\t<\/div>\n\t\t<\/div>\n\t\t\t\t\t<\/div>\n\t\t<\/section>\n\t\t\t\t<section class=\"elementor-section elementor-top-section elementor-element elementor-element-3704d5c elementor-section-boxed elementor-section-height-default elementor-section-height-default\" data-id=\"3704d5c\" data-element_type=\"section\">\n\t\t\t\t\t\t<div class=\"elementor-container elementor-column-gap-default\">\n\t\t\t\t\t<div class=\"elementor-column elementor-col-100 elementor-top-column elementor-element elementor-element-6fbf9d6\" data-id=\"6fbf9d6\" data-element_type=\"column\">\n\t\t\t<div class=\"elementor-widget-wrap elementor-element-populated\">\n\t\t\t\t\t\t<section class=\"elementor-section elementor-inner-section elementor-element elementor-element-d9b2394 elementor-section-boxed elementor-section-height-default elementor-section-height-default\" data-id=\"d9b2394\" data-element_type=\"section\">\n\t\t\t\t\t\t<div class=\"elementor-container elementor-column-gap-default\">\n\t\t\t\t\t<div class=\"elementor-column elementor-col-33 elementor-inner-column elementor-element elementor-element-d71d5e3\" data-id=\"d71d5e3\" data-element_type=\"column\">\n\t\t\t<div class=\"elementor-widget-wrap elementor-element-populated\">\n\t\t\t\t\t\t<div class=\"elementor-element elementor-element-222b2e6 elementor-widget elementor-widget-text-editor\" data-id=\"222b2e6\" data-element_type=\"widget\" data-widget_type=\"text-editor.default\">\n\t\t\t\t<div class=\"elementor-widget-container\">\n\t\t\t\t\t\t\t\t\t<p><a href=\"https:\/\/operation-laser-marseille.fr\/\">op\u00e9ration des yeux marseille<\/a><\/p>\t\t\t\t\t\t\t\t<\/div>\n\t\t\t\t<\/div>\n\t\t\t\t\t<\/div>\n\t\t<\/div>\n\t\t\t\t<div class=\"elementor-column elementor-col-33 elementor-inner-column elementor-element elementor-element-b522d77\" data-id=\"b522d77\" data-element_type=\"column\">\n\t\t\t<div class=\"elementor-widget-wrap elementor-element-populated\">\n\t\t\t\t\t\t<div class=\"elementor-element elementor-element-d60b996 elementor-widget elementor-widget-text-editor\" data-id=\"d60b996\" data-element_type=\"widget\" data-widget_type=\"text-editor.default\">\n\t\t\t\t<div class=\"elementor-widget-container\">\n\t\t\t\t\t\t\t\t\t<p><a href=\"https:\/\/osirisbeaute.fr\/\">institut de beaut\u00e9 Marseille<\/a><\/p>\t\t\t\t\t\t\t\t<\/div>\n\t\t\t\t<\/div>\n\t\t\t\t\t<\/div>\n\t\t<\/div>\n\t\t\t\t<div class=\"elementor-column elementor-col-33 elementor-inner-column elementor-element elementor-element-de5544d\" data-id=\"de5544d\" data-element_type=\"column\">\n\t\t\t<div class=\"elementor-widget-wrap elementor-element-populated\">\n\t\t\t\t\t\t<div class=\"elementor-element elementor-element-3c9c8ea elementor-widget elementor-widget-text-editor\" data-id=\"3c9c8ea\" data-element_type=\"widget\" data-widget_type=\"text-editor.default\">\n\t\t\t\t<div class=\"elementor-widget-container\">\n\t\t\t\t\t\t\t\t\t<p><a href=\"https:\/\/neosbatiment.fr\/renovation-appartement-villa-marseille\/\">r\u00e9novation appartement marseille<\/a><\/p>\t\t\t\t\t\t\t\t<\/div>\n\t\t\t\t<\/div>\n\t\t\t\t\t<\/div>\n\t\t<\/div>\n\t\t\t\t\t<\/div>\n\t\t<\/section>\n\t\t\t\t\t<\/div>\n\t\t<\/div>\n\t\t\t\t\t<\/div>\n\t\t<\/section>\n\t\t\t\t<\/div>\n\t\t","protected":false},"excerpt":{"rendered":"<p>politique de confidentialit\u00e9 Qui est responsable du traitement de vos donn\u00e9es personnelles ? La pr\u00e9sente Politique de Confidentialit\u00e9 pr\u00e9sente les engagements de la SARL VINUSTRALE concernant la protection de vos donn\u00e9es personnelles en votre qualit\u00e9 de client ou d\u2019internaute. Elle pr\u00e9sente les modalit\u00e9s de recueil et d\u2019utilisation des donn\u00e9es personnelles vous concernant, et vos droits [&hellip;]<\/p>\n","protected":false},"author":1,"featured_media":0,"parent":0,"menu_order":0,"comment_status":"closed","ping_status":"closed","template":"","meta":{"site-sidebar-layout":"no-sidebar","site-content-layout":"page-builder","ast-site-content-layout":"default","site-content-style":"default","site-sidebar-style":"default","ast-global-header-display":"","ast-banner-title-visibility":"","ast-main-header-display":"","ast-hfb-above-header-display":"","ast-hfb-below-header-display":"","ast-hfb-mobile-header-display":"","site-post-title":"disabled","ast-breadcrumbs-content":"","ast-featured-img":"","footer-sml-layout":"","theme-transparent-header-meta":"enabled","adv-header-id-meta":"","stick-header-meta":"","header-above-stick-meta":"","header-main-stick-meta":"","header-below-stick-meta":"","astra-migrate-meta-layouts":"default","ast-page-background-enabled":"default","ast-page-background-meta":{"desktop":{"background-color":"","background-image":"","background-repeat":"repeat","background-position":"center center","background-size":"auto","background-attachment":"scroll","background-type":"","background-media":"","overlay-type":"","overlay-color":"","overlay-opacity":"","overlay-gradient":""},"tablet":{"background-color":"","background-image":"","background-repeat":"repeat","background-position":"center center","background-size":"auto","background-attachment":"scroll","background-type":"","background-media":"","overlay-type":"","overlay-color":"","overlay-opacity":"","overlay-gradient":""},"mobile":{"background-color":"","background-image":"","background-repeat":"repeat","background-position":"center center","background-size":"auto","background-attachment":"scroll","background-type":"","background-media":"","overlay-type":"","overlay-color":"","overlay-opacity":"","overlay-gradient":""}},"ast-content-background-meta":{"desktop":{"background-color":"var(--ast-global-color-5)","background-image":"","background-repeat":"repeat","background-position":"center center","background-size":"auto","background-attachment":"scroll","background-type":"","background-media":"","overlay-type":"","overlay-color":"","overlay-opacity":"","overlay-gradient":""},"tablet":{"background-color":"var(--ast-global-color-5)","background-image":"","background-repeat":"repeat","background-position":"center center","background-size":"auto","background-attachment":"scroll","background-type":"","background-media":"","overlay-type":"","overlay-color":"","overlay-opacity":"","overlay-gradient":""},"mobile":{"background-color":"var(--ast-global-color-5)","background-image":"","background-repeat":"repeat","background-position":"center center","background-size":"auto","background-attachment":"scroll","background-type":"","background-media":"","overlay-type":"","overlay-color":"","overlay-opacity":"","overlay-gradient":""}},"footnotes":""},"class_list":["post-1963","page","type-page","status-publish","hentry"],"_links":{"self":[{"href":"https:\/\/vinustrale.com\/index.php\/wp-json\/wp\/v2\/pages\/1963","targetHints":{"allow":["GET"]}}],"collection":[{"href":"https:\/\/vinustrale.com\/index.php\/wp-json\/wp\/v2\/pages"}],"about":[{"href":"https:\/\/vinustrale.com\/index.php\/wp-json\/wp\/v2\/types\/page"}],"author":[{"embeddable":true,"href":"https:\/\/vinustrale.com\/index.php\/wp-json\/wp\/v2\/users\/1"}],"replies":[{"embeddable":true,"href":"https:\/\/vinustrale.com\/index.php\/wp-json\/wp\/v2\/comments?post=1963"}],"version-history":[{"count":16,"href":"https:\/\/vinustrale.com\/index.php\/wp-json\/wp\/v2\/pages\/1963\/revisions"}],"predecessor-version":[{"id":2907,"href":"https:\/\/vinustrale.com\/index.php\/wp-json\/wp\/v2\/pages\/1963\/revisions\/2907"}],"wp:attachment":[{"href":"https:\/\/vinustrale.com\/index.php\/wp-json\/wp\/v2\/media?parent=1963"}],"curies":[{"name":"wp","href":"https:\/\/api.w.org\/{rel}","templated":true}]}}