{"id":1752,"date":"2022-03-09T13:41:40","date_gmt":"2022-03-09T12:41:40","guid":{"rendered":"https:\/\/vinustrale.com\/?page_id=1752"},"modified":"2022-07-11T19:14:59","modified_gmt":"2022-07-11T17:14:59","slug":"domaine-granajolo","status":"publish","type":"page","link":"https:\/\/vinustrale.com\/index.php\/domaine-granajolo\/","title":{"rendered":"DOMAINE GRANAJOLO"},"content":{"rendered":"\t\t<div data-elementor-type=\"wp-page\" data-elementor-id=\"1752\" class=\"elementor elementor-1752\">\n\t\t\t\t\t\t<section class=\"elementor-section elementor-top-section elementor-element elementor-element-5131a13e elementor-section-boxed elementor-section-height-default elementor-section-height-default\" data-id=\"5131a13e\" data-element_type=\"section\" data-settings=\"{&quot;background_background&quot;:&quot;classic&quot;}\">\n\t\t\t\t\t\t\t<div class=\"elementor-background-overlay\"><\/div>\n\t\t\t\t\t\t\t<div class=\"elementor-container elementor-column-gap-default\">\n\t\t\t\t\t<div class=\"elementor-column elementor-col-100 elementor-top-column elementor-element elementor-element-1053ca7a\" data-id=\"1053ca7a\" data-element_type=\"column\">\n\t\t\t<div class=\"elementor-widget-wrap elementor-element-populated\">\n\t\t\t\t\t\t<div class=\"elementor-element elementor-element-3d99e122 elementor-widget elementor-widget-heading\" data-id=\"3d99e122\" data-element_type=\"widget\" data-widget_type=\"heading.default\">\n\t\t\t\t<div class=\"elementor-widget-container\">\n\t\t\t\t\t<h1 class=\"elementor-heading-title elementor-size-default\">DOMAINE GRANAJOLO<\/h1>\t\t\t\t<\/div>\n\t\t\t\t<\/div>\n\t\t\t\t<div class=\"elementor-element elementor-element-adbb767 elementor-widget elementor-widget-heading\" data-id=\"adbb767\" data-element_type=\"widget\" data-widget_type=\"heading.default\">\n\t\t\t\t<div class=\"elementor-widget-container\">\n\t\t\t\t\t<h2 class=\"elementor-heading-title elementor-size-default\">AOP PORTO VECCHIO<\/h2>\t\t\t\t<\/div>\n\t\t\t\t<\/div>\n\t\t\t\t\t<\/div>\n\t\t<\/div>\n\t\t\t\t\t<\/div>\n\t\t<\/section>\n\t\t\t\t<section class=\"elementor-section elementor-top-section elementor-element elementor-element-da09580 elementor-section-boxed elementor-section-height-default elementor-section-height-default\" data-id=\"da09580\" data-element_type=\"section\">\n\t\t\t\t\t\t<div class=\"elementor-container elementor-column-gap-default\">\n\t\t\t\t\t<div class=\"elementor-column elementor-col-100 elementor-top-column elementor-element elementor-element-5ea4ce0\" data-id=\"5ea4ce0\" data-element_type=\"column\">\n\t\t\t<div class=\"elementor-widget-wrap elementor-element-populated\">\n\t\t\t\t\t\t<div class=\"elementor-element elementor-element-1438b03 elementor-widget elementor-widget-heading\" data-id=\"1438b03\" data-element_type=\"widget\" data-widget_type=\"heading.default\">\n\t\t\t\t<div class=\"elementor-widget-container\">\n\t\t\t\t\t<h2 class=\"elementor-heading-title elementor-size-default\">A PROPOS<\/h2>\t\t\t\t<\/div>\n\t\t\t\t<\/div>\n\t\t\t\t<div class=\"elementor-element elementor-element-770f1da elementor-widget elementor-widget-text-editor\" data-id=\"770f1da\" data-element_type=\"widget\" data-widget_type=\"text-editor.default\">\n\t\t\t\t<div class=\"elementor-widget-container\">\n\t\t\t\t\t\t\t\t\tLe vignoble a \u00e9t\u00e9 plant\u00e9 en 1974 par Monika et Andr\u00e9 Boucher. D\u2019une superficie de 20 hectares, il a toujours \u00e9t\u00e9 conduit en agriculture biologique, une conviction d\u2019Andr\u00e9 Boucher (1\u00e8re certification en 1987). Il est situ\u00e9 sur des coteaux d\u2019ar\u00e8ne granitique \u00e0 l\u2019extr\u00eame sud est de l\u2019\u00eele \u00e0 Sainte-Lucie de Porto-Vecchio. Apr\u00e8s avoir obtenu son dipl\u00f4me d\u2019\u0153nologue et avoir acquis de l\u2019exp\u00e9rience en vinifiant en France et en Australie, Gwena\u00eble, leur fille, rentra sur le domaine en 2000 pour continuer cette belle aventure\t\t\t\t\t\t\t\t<\/div>\n\t\t\t\t<\/div>\n\t\t\t\t<section class=\"elementor-section elementor-inner-section elementor-element elementor-element-515d0c7 elementor-section-boxed elementor-section-height-default elementor-section-height-default\" data-id=\"515d0c7\" data-element_type=\"section\">\n\t\t\t\t\t\t<div class=\"elementor-container elementor-column-gap-default\">\n\t\t\t\t\t<div class=\"elementor-column elementor-col-50 elementor-inner-column elementor-element elementor-element-8d1e8ab\" data-id=\"8d1e8ab\" data-element_type=\"column\">\n\t\t\t<div class=\"elementor-widget-wrap elementor-element-populated\">\n\t\t\t\t\t\t<div class=\"elementor-element elementor-element-88fffd7 elementor-widget elementor-widget-image\" data-id=\"88fffd7\" data-element_type=\"widget\" data-widget_type=\"image.default\">\n\t\t\t\t<div class=\"elementor-widget-container\">\n\t\t\t\t\t\t\t\t\t\t\t\t\t\t\t<img fetchpriority=\"high\" decoding=\"async\" width=\"457\" height=\"555\" src=\"https:\/\/vinustrale.com\/wp-content\/uploads\/2022\/02\/label_certification_bio-e1650437615755.png\" class=\"attachment-large size-large wp-image-1370\" alt=\"\" srcset=\"https:\/\/vinustrale.com\/wp-content\/uploads\/2022\/02\/label_certification_bio-e1650437615755.png 457w, https:\/\/vinustrale.com\/wp-content\/uploads\/2022\/02\/label_certification_bio-e1650437615755-247x300.png 247w\" sizes=\"(max-width: 457px) 100vw, 457px\" \/>\t\t\t\t\t\t\t\t\t\t\t\t\t\t\t<\/div>\n\t\t\t\t<\/div>\n\t\t\t\t\t<\/div>\n\t\t<\/div>\n\t\t\t\t<div class=\"elementor-column elementor-col-50 elementor-inner-column elementor-element elementor-element-176f8f9\" data-id=\"176f8f9\" data-element_type=\"column\">\n\t\t\t<div class=\"elementor-widget-wrap elementor-element-populated\">\n\t\t\t\t\t\t<div class=\"elementor-element elementor-element-48ecfe6 elementor-icon-list--layout-traditional elementor-list-item-link-full_width elementor-widget elementor-widget-icon-list\" data-id=\"48ecfe6\" data-element_type=\"widget\" data-widget_type=\"icon-list.default\">\n\t\t\t\t<div class=\"elementor-widget-container\">\n\t\t\t\t\t\t\t<ul class=\"elementor-icon-list-items\">\n\t\t\t\t\t\t\t<li class=\"elementor-icon-list-item\">\n\t\t\t\t\t\t\t\t\t\t\t<span class=\"elementor-icon-list-icon\">\n\t\t\t\t\t\t\t<i aria-hidden=\"true\" class=\"fas fa-users\"><\/i>\t\t\t\t\t\t<\/span>\n\t\t\t\t\t\t\t\t\t\t<span class=\"elementor-icon-list-text\">par Gwena\u00eble  BOUCHER<\/span>\n\t\t\t\t\t\t\t\t\t<\/li>\n\t\t\t\t\t\t\t\t<li class=\"elementor-icon-list-item\">\n\t\t\t\t\t\t\t\t\t\t\t<span class=\"elementor-icon-list-icon\">\n\t\t\t\t\t\t\t<i aria-hidden=\"true\" class=\"fas fa-location-arrow\"><\/i>\t\t\t\t\t\t<\/span>\n\t\t\t\t\t\t\t\t\t\t<span class=\"elementor-icon-list-text\">Sainte-Lucie de Porto-Vecchio<\/span>\n\t\t\t\t\t\t\t\t\t<\/li>\n\t\t\t\t\t\t\t\t<li class=\"elementor-icon-list-item\">\n\t\t\t\t\t\t\t\t\t\t\t<span class=\"elementor-icon-list-icon\">\n\t\t\t\t\t\t\t<i aria-hidden=\"true\" class=\"fas fa-check\"><\/i>\t\t\t\t\t\t<\/span>\n\t\t\t\t\t\t\t\t\t\t<span class=\"elementor-icon-list-text\">Agriculture Biologique<\/span>\n\t\t\t\t\t\t\t\t\t<\/li>\n\t\t\t\t\t\t<\/ul>\n\t\t\t\t\t\t<\/div>\n\t\t\t\t<\/div>\n\t\t\t\t\t<\/div>\n\t\t<\/div>\n\t\t\t\t\t<\/div>\n\t\t<\/section>\n\t\t\t\t\t<\/div>\n\t\t<\/div>\n\t\t\t\t\t<\/div>\n\t\t<\/section>\n\t\t\t\t<section class=\"elementor-section elementor-top-section elementor-element elementor-element-3dca952 elementor-section-boxed elementor-section-height-default elementor-section-height-default\" data-id=\"3dca952\" data-element_type=\"section\">\n\t\t\t\t\t\t<div class=\"elementor-container elementor-column-gap-no\">\n\t\t\t\t\t<div class=\"elementor-column elementor-col-50 elementor-top-column elementor-element elementor-element-2e1d6f1\" data-id=\"2e1d6f1\" data-element_type=\"column\" data-settings=\"{&quot;background_background&quot;:&quot;classic&quot;}\">\n\t\t\t<div class=\"elementor-widget-wrap elementor-element-populated\">\n\t\t\t\t\t<div class=\"elementor-background-overlay\"><\/div>\n\t\t\t\t\t\t<div class=\"elementor-element elementor-element-0ca5d03 elementor-widget elementor-widget-spacer\" data-id=\"0ca5d03\" data-element_type=\"widget\" data-widget_type=\"spacer.default\">\n\t\t\t\t<div class=\"elementor-widget-container\">\n\t\t\t\t\t\t\t<div class=\"elementor-spacer\">\n\t\t\t<div class=\"elementor-spacer-inner\"><\/div>\n\t\t<\/div>\n\t\t\t\t\t\t<\/div>\n\t\t\t\t<\/div>\n\t\t\t\t\t<\/div>\n\t\t<\/div>\n\t\t\t\t<div class=\"elementor-column elementor-col-50 elementor-top-column elementor-element elementor-element-0dc9705\" data-id=\"0dc9705\" data-element_type=\"column\" data-settings=\"{&quot;background_background&quot;:&quot;classic&quot;}\">\n\t\t\t<div class=\"elementor-widget-wrap elementor-element-populated\">\n\t\t\t\t\t<div class=\"elementor-background-overlay\"><\/div>\n\t\t\t\t\t\t<div class=\"elementor-element elementor-element-2ab4465 elementor-widget elementor-widget-spacer\" data-id=\"2ab4465\" data-element_type=\"widget\" data-widget_type=\"spacer.default\">\n\t\t\t\t<div class=\"elementor-widget-container\">\n\t\t\t\t\t\t\t<div class=\"elementor-spacer\">\n\t\t\t<div class=\"elementor-spacer-inner\"><\/div>\n\t\t<\/div>\n\t\t\t\t\t\t<\/div>\n\t\t\t\t<\/div>\n\t\t\t\t\t<\/div>\n\t\t<\/div>\n\t\t\t\t\t<\/div>\n\t\t<\/section>\n\t\t\t\t<section class=\"elementor-section elementor-top-section elementor-element elementor-element-86d7e3d elementor-section-boxed elementor-section-height-default elementor-section-height-default\" data-id=\"86d7e3d\" data-element_type=\"section\">\n\t\t\t\t\t\t<div class=\"elementor-container elementor-column-gap-default\">\n\t\t\t\t\t<div class=\"elementor-column elementor-col-100 elementor-top-column elementor-element elementor-element-d1038e6\" data-id=\"d1038e6\" data-element_type=\"column\">\n\t\t\t<div class=\"elementor-widget-wrap elementor-element-populated\">\n\t\t\t\t\t\t<div class=\"elementor-element elementor-element-0b550cb elementor-widget elementor-widget-heading\" data-id=\"0b550cb\" data-element_type=\"widget\" data-widget_type=\"heading.default\">\n\t\t\t\t<div class=\"elementor-widget-container\">\n\t\t\t\t\t<h2 class=\"elementor-heading-title elementor-size-default\">LES VINS<\/h2>\t\t\t\t<\/div>\n\t\t\t\t<\/div>\n\t\t\t\t\t<\/div>\n\t\t<\/div>\n\t\t\t\t\t<\/div>\n\t\t<\/section>\n\t\t\t\t<section class=\"elementor-section elementor-top-section elementor-element elementor-element-e6c772e elementor-section-boxed elementor-section-height-default elementor-section-height-default\" data-id=\"e6c772e\" data-element_type=\"section\">\n\t\t\t\t\t\t<div class=\"elementor-container elementor-column-gap-default\">\n\t\t\t\t\t<div class=\"elementor-column elementor-col-25 elementor-top-column elementor-element elementor-element-361f914\" data-id=\"361f914\" data-element_type=\"column\">\n\t\t\t<div class=\"elementor-widget-wrap elementor-element-populated\">\n\t\t\t\t\t\t<div class=\"elementor-element elementor-element-06a2517 elementor-widget elementor-widget-text-editor\" data-id=\"06a2517\" data-element_type=\"widget\" data-widget_type=\"text-editor.default\">\n\t\t\t\t<div class=\"elementor-widget-container\">\n\t\t\t\t\t\t\t\t\t<p style=\"text-align: center;\"><b>CUVEE MONIKA Rouge<\/b><\/p><p style=\"text-align: center;\">90% nielliucciu et 10% Syrah<\/p><p style=\"text-align: center;\">Notes de petits fruits rouges et d\u2019\u00e9pices<\/p>\t\t\t\t\t\t\t\t<\/div>\n\t\t\t\t<\/div>\n\t\t\t\t\t<\/div>\n\t\t<\/div>\n\t\t\t\t<div class=\"elementor-column elementor-col-25 elementor-top-column elementor-element elementor-element-7b88907\" data-id=\"7b88907\" data-element_type=\"column\">\n\t\t\t<div class=\"elementor-widget-wrap elementor-element-populated\">\n\t\t\t\t\t\t<div class=\"elementor-element elementor-element-41bd500 elementor-widget elementor-widget-image\" data-id=\"41bd500\" data-element_type=\"widget\" data-widget_type=\"image.default\">\n\t\t\t\t<div class=\"elementor-widget-container\">\n\t\t\t\t\t\t\t\t\t\t\t\t\t\t\t<img decoding=\"async\" width=\"102\" height=\"300\" src=\"https:\/\/vinustrale.com\/wp-content\/uploads\/2022\/03\/CUVEE-MONIKA-ROUGE-311-0202-1-102x300.jpg\" class=\"attachment-medium size-medium wp-image-1815\" alt=\"\" srcset=\"https:\/\/vinustrale.com\/wp-content\/uploads\/2022\/03\/CUVEE-MONIKA-ROUGE-311-0202-1-102x300.jpg 102w, https:\/\/vinustrale.com\/wp-content\/uploads\/2022\/03\/CUVEE-MONIKA-ROUGE-311-0202-1-347x1024.jpg 347w, https:\/\/vinustrale.com\/wp-content\/uploads\/2022\/03\/CUVEE-MONIKA-ROUGE-311-0202-1-768x2266.jpg 768w, https:\/\/vinustrale.com\/wp-content\/uploads\/2022\/03\/CUVEE-MONIKA-ROUGE-311-0202-1-521x1536.jpg 521w, https:\/\/vinustrale.com\/wp-content\/uploads\/2022\/03\/CUVEE-MONIKA-ROUGE-311-0202-1-694x2048.jpg 694w, https:\/\/vinustrale.com\/wp-content\/uploads\/2022\/03\/CUVEE-MONIKA-ROUGE-311-0202-1-scaled.jpg 868w\" sizes=\"(max-width: 102px) 100vw, 102px\" \/>\t\t\t\t\t\t\t\t\t\t\t\t\t\t\t<\/div>\n\t\t\t\t<\/div>\n\t\t\t\t\t<\/div>\n\t\t<\/div>\n\t\t\t\t<div class=\"elementor-column elementor-col-25 elementor-top-column elementor-element elementor-element-edf4f7c\" data-id=\"edf4f7c\" data-element_type=\"column\">\n\t\t\t<div class=\"elementor-widget-wrap elementor-element-populated\">\n\t\t\t\t\t\t<div class=\"elementor-element elementor-element-bf2e0f6 elementor-widget elementor-widget-text-editor\" data-id=\"bf2e0f6\" data-element_type=\"widget\" data-widget_type=\"text-editor.default\">\n\t\t\t\t<div class=\"elementor-widget-container\">\n\t\t\t\t\t\t\t\t\t<p style=\"text-align: center;\"><b>CUVEE MONIKA Blanc<\/b><\/p><p style=\"text-align: center;\">100 % vermentinu<\/p><p style=\"text-align: center;\">Rondeur et fraicheur sur notes de fruits \u00e0 chairs blanches<\/p>\t\t\t\t\t\t\t\t<\/div>\n\t\t\t\t<\/div>\n\t\t\t\t\t<\/div>\n\t\t<\/div>\n\t\t\t\t<div class=\"elementor-column elementor-col-25 elementor-top-column elementor-element elementor-element-fb70be4\" data-id=\"fb70be4\" data-element_type=\"column\">\n\t\t\t<div class=\"elementor-widget-wrap elementor-element-populated\">\n\t\t\t\t\t\t<div class=\"elementor-element elementor-element-6aedcbe elementor-widget elementor-widget-image\" data-id=\"6aedcbe\" data-element_type=\"widget\" data-widget_type=\"image.default\">\n\t\t\t\t<div class=\"elementor-widget-container\">\n\t\t\t\t\t\t\t\t\t\t\t\t\t\t\t<img decoding=\"async\" width=\"109\" height=\"300\" src=\"https:\/\/vinustrale.com\/wp-content\/uploads\/2022\/03\/CUVEE-MONIKA-BLANC-111-1001-109x300.jpg\" class=\"attachment-medium size-medium wp-image-1773\" alt=\"\" srcset=\"https:\/\/vinustrale.com\/wp-content\/uploads\/2022\/03\/CUVEE-MONIKA-BLANC-111-1001-109x300.jpg 109w, https:\/\/vinustrale.com\/wp-content\/uploads\/2022\/03\/CUVEE-MONIKA-BLANC-111-1001-371x1024.jpg 371w, https:\/\/vinustrale.com\/wp-content\/uploads\/2022\/03\/CUVEE-MONIKA-BLANC-111-1001-768x2120.jpg 768w, https:\/\/vinustrale.com\/wp-content\/uploads\/2022\/03\/CUVEE-MONIKA-BLANC-111-1001-557x1536.jpg 557w, https:\/\/vinustrale.com\/wp-content\/uploads\/2022\/03\/CUVEE-MONIKA-BLANC-111-1001-742x2048.jpg 742w, https:\/\/vinustrale.com\/wp-content\/uploads\/2022\/03\/CUVEE-MONIKA-BLANC-111-1001-scaled.jpg 928w\" sizes=\"(max-width: 109px) 100vw, 109px\" \/>\t\t\t\t\t\t\t\t\t\t\t\t\t\t\t<\/div>\n\t\t\t\t<\/div>\n\t\t\t\t\t<\/div>\n\t\t<\/div>\n\t\t\t\t\t<\/div>\n\t\t<\/section>\n\t\t\t\t<section class=\"elementor-section elementor-top-section elementor-element elementor-element-0a7e088 elementor-reverse-tablet elementor-reverse-mobile elementor-section-boxed elementor-section-height-default elementor-section-height-default\" data-id=\"0a7e088\" data-element_type=\"section\">\n\t\t\t\t\t\t<div class=\"elementor-container elementor-column-gap-default\">\n\t\t\t\t\t<div class=\"elementor-column elementor-col-25 elementor-top-column elementor-element elementor-element-d146333\" data-id=\"d146333\" data-element_type=\"column\">\n\t\t\t<div class=\"elementor-widget-wrap elementor-element-populated\">\n\t\t\t\t\t\t<div class=\"elementor-element elementor-element-c4e4c2a elementor-widget elementor-widget-image\" data-id=\"c4e4c2a\" data-element_type=\"widget\" data-widget_type=\"image.default\">\n\t\t\t\t<div class=\"elementor-widget-container\">\n\t\t\t\t\t\t\t\t\t\t\t\t\t\t\t<img loading=\"lazy\" decoding=\"async\" width=\"300\" height=\"300\" src=\"https:\/\/vinustrale.com\/wp-content\/uploads\/2022\/04\/sciaccarellu-300x300.png\" class=\"attachment-medium size-medium wp-image-2267\" alt=\"\" srcset=\"https:\/\/vinustrale.com\/wp-content\/uploads\/2022\/04\/sciaccarellu-300x300.png 300w, https:\/\/vinustrale.com\/wp-content\/uploads\/2022\/04\/sciaccarellu-150x150.png 150w, https:\/\/vinustrale.com\/wp-content\/uploads\/2022\/04\/sciaccarellu.png 600w\" sizes=\"(max-width: 300px) 100vw, 300px\" \/>\t\t\t\t\t\t\t\t\t\t\t\t\t\t\t<\/div>\n\t\t\t\t<\/div>\n\t\t\t\t\t<\/div>\n\t\t<\/div>\n\t\t\t\t<div class=\"elementor-column elementor-col-25 elementor-top-column elementor-element elementor-element-0dadea4\" data-id=\"0dadea4\" data-element_type=\"column\">\n\t\t\t<div class=\"elementor-widget-wrap elementor-element-populated\">\n\t\t\t\t\t\t<div class=\"elementor-element elementor-element-4169c48 elementor-widget elementor-widget-text-editor\" data-id=\"4169c48\" data-element_type=\"widget\" data-widget_type=\"text-editor.default\">\n\t\t\t\t<div class=\"elementor-widget-container\">\n\t\t\t\t\t\t\t\t\t<p style=\"text-align: center;\"><b>CUVEE LE SCIACCARELLU<\/b><\/p><p style=\"text-align: center;\">Ar\u00f4mes intenses de fruits rouges, framboises<u><\/u><\/p>\t\t\t\t\t\t\t\t<\/div>\n\t\t\t\t<\/div>\n\t\t\t\t\t<\/div>\n\t\t<\/div>\n\t\t\t\t<div class=\"elementor-column elementor-col-25 elementor-top-column elementor-element elementor-element-02360d6\" data-id=\"02360d6\" data-element_type=\"column\">\n\t\t\t<div class=\"elementor-widget-wrap elementor-element-populated\">\n\t\t\t\t\t\t<div class=\"elementor-element elementor-element-7ad3f49 elementor-widget elementor-widget-image\" data-id=\"7ad3f49\" data-element_type=\"widget\" data-widget_type=\"image.default\">\n\t\t\t\t<div class=\"elementor-widget-container\">\n\t\t\t\t\t\t\t\t\t\t\t\t\t\t\t<img loading=\"lazy\" decoding=\"async\" width=\"300\" height=\"300\" src=\"https:\/\/vinustrale.com\/wp-content\/uploads\/2022\/04\/minustellu-300x300.png\" class=\"attachment-medium size-medium wp-image-2266\" alt=\"\" srcset=\"https:\/\/vinustrale.com\/wp-content\/uploads\/2022\/04\/minustellu-300x300.png 300w, https:\/\/vinustrale.com\/wp-content\/uploads\/2022\/04\/minustellu-150x150.png 150w, https:\/\/vinustrale.com\/wp-content\/uploads\/2022\/04\/minustellu.png 600w\" sizes=\"(max-width: 300px) 100vw, 300px\" \/>\t\t\t\t\t\t\t\t\t\t\t\t\t\t\t<\/div>\n\t\t\t\t<\/div>\n\t\t\t\t\t<\/div>\n\t\t<\/div>\n\t\t\t\t<div class=\"elementor-column elementor-col-25 elementor-top-column elementor-element elementor-element-8458f92\" data-id=\"8458f92\" data-element_type=\"column\">\n\t\t\t<div class=\"elementor-widget-wrap elementor-element-populated\">\n\t\t\t\t\t\t<div class=\"elementor-element elementor-element-31bdc6e elementor-widget elementor-widget-text-editor\" data-id=\"31bdc6e\" data-element_type=\"widget\" data-widget_type=\"text-editor.default\">\n\t\t\t\t<div class=\"elementor-widget-container\">\n\t\t\t\t\t\t\t\t\t<p style=\"text-align: center;\"><b>CUVEE LE MINUSTELLU<\/b><\/p><p style=\"text-align: center;\">Parfums de maquis, cassis, m\u00fbres, myrte avec une bouche soyeuse<\/p>\t\t\t\t\t\t\t\t<\/div>\n\t\t\t\t<\/div>\n\t\t\t\t\t<\/div>\n\t\t<\/div>\n\t\t\t\t\t<\/div>\n\t\t<\/section>\n\t\t\t\t<\/div>\n\t\t","protected":false},"excerpt":{"rendered":"<p>DOMAINE GRANAJOLO AOP PORTO VECCHIO A PROPOS Le vignoble a \u00e9t\u00e9 plant\u00e9 en 1974 par Monika et Andr\u00e9 Boucher. D\u2019une superficie de 20 hectares, il a toujours \u00e9t\u00e9 conduit en agriculture biologique, une conviction d\u2019Andr\u00e9 Boucher (1\u00e8re certification en 1987). Il est situ\u00e9 sur des coteaux d\u2019ar\u00e8ne granitique \u00e0 l\u2019extr\u00eame sud est de l\u2019\u00eele \u00e0 [&hellip;]<\/p>\n","protected":false},"author":1,"featured_media":0,"parent":0,"menu_order":0,"comment_status":"closed","ping_status":"closed","template":"","meta":{"site-sidebar-layout":"no-sidebar","site-content-layout":"page-builder","ast-site-content-layout":"default","site-content-style":"default","site-sidebar-style":"default","ast-global-header-display":"","ast-banner-title-visibility":"","ast-main-header-display":"","ast-hfb-above-header-display":"","ast-hfb-below-header-display":"","ast-hfb-mobile-header-display":"","site-post-title":"disabled","ast-breadcrumbs-content":"","ast-featured-img":"","footer-sml-layout":"","theme-transparent-header-meta":"enabled","adv-header-id-meta":"","stick-header-meta":"","header-above-stick-meta":"","header-main-stick-meta":"","header-below-stick-meta":"","astra-migrate-meta-layouts":"default","ast-page-background-enabled":"default","ast-page-background-meta":{"desktop":{"background-color":"","background-image":"","background-repeat":"repeat","background-position":"center center","background-size":"auto","background-attachment":"scroll","background-type":"","background-media":"","overlay-type":"","overlay-color":"","overlay-opacity":"","overlay-gradient":""},"tablet":{"background-color":"","background-image":"","background-repeat":"repeat","background-position":"center center","background-size":"auto","background-attachment":"scroll","background-type":"","background-media":"","overlay-type":"","overlay-color":"","overlay-opacity":"","overlay-gradient":""},"mobile":{"background-color":"","background-image":"","background-repeat":"repeat","background-position":"center center","background-size":"auto","background-attachment":"scroll","background-type":"","background-media":"","overlay-type":"","overlay-color":"","overlay-opacity":"","overlay-gradient":""}},"ast-content-background-meta":{"desktop":{"background-color":"var(--ast-global-color-5)","background-image":"","background-repeat":"repeat","background-position":"center center","background-size":"auto","background-attachment":"scroll","background-type":"","background-media":"","overlay-type":"","overlay-color":"","overlay-opacity":"","overlay-gradient":""},"tablet":{"background-color":"var(--ast-global-color-5)","background-image":"","background-repeat":"repeat","background-position":"center center","background-size":"auto","background-attachment":"scroll","background-type":"","background-media":"","overlay-type":"","overlay-color":"","overlay-opacity":"","overlay-gradient":""},"mobile":{"background-color":"var(--ast-global-color-5)","background-image":"","background-repeat":"repeat","background-position":"center center","background-size":"auto","background-attachment":"scroll","background-type":"","background-media":"","overlay-type":"","overlay-color":"","overlay-opacity":"","overlay-gradient":""}},"footnotes":""},"class_list":["post-1752","page","type-page","status-publish","hentry"],"_links":{"self":[{"href":"https:\/\/vinustrale.com\/index.php\/wp-json\/wp\/v2\/pages\/1752","targetHints":{"allow":["GET"]}}],"collection":[{"href":"https:\/\/vinustrale.com\/index.php\/wp-json\/wp\/v2\/pages"}],"about":[{"href":"https:\/\/vinustrale.com\/index.php\/wp-json\/wp\/v2\/types\/page"}],"author":[{"embeddable":true,"href":"https:\/\/vinustrale.com\/index.php\/wp-json\/wp\/v2\/users\/1"}],"replies":[{"embeddable":true,"href":"https:\/\/vinustrale.com\/index.php\/wp-json\/wp\/v2\/comments?post=1752"}],"version-history":[{"count":124,"href":"https:\/\/vinustrale.com\/index.php\/wp-json\/wp\/v2\/pages\/1752\/revisions"}],"predecessor-version":[{"id":2887,"href":"https:\/\/vinustrale.com\/index.php\/wp-json\/wp\/v2\/pages\/1752\/revisions\/2887"}],"wp:attachment":[{"href":"https:\/\/vinustrale.com\/index.php\/wp-json\/wp\/v2\/media?parent=1752"}],"curies":[{"name":"wp","href":"https:\/\/api.w.org\/{rel}","templated":true}]}}